{"id":676,"date":"2024-10-09T18:58:59","date_gmt":"2024-10-09T16:58:59","guid":{"rendered":"https:\/\/www.bodenprobenahme.ime.fraunhofer.de\/?page_id=676"},"modified":"2025-02-21T08:36:37","modified_gmt":"2025-02-21T07:36:37","slug":"imprint","status":"publish","type":"page","link":"https:\/\/www.bodenprobenahme.ime.fraunhofer.de\/?page_id=676&lang=en","title":{"rendered":"Imprint"},"content":{"rendered":"\t\t<div data-elementor-type=\"wp-page\" data-elementor-id=\"676\" class=\"elementor elementor-676\" data-elementor-post-type=\"page\">\n\t\t\t\t<div class=\"elementor-element elementor-element-9966068 e-flex e-con-boxed e-con e-parent\" data-id=\"9966068\" data-element_type=\"container\">\n\t\t\t\t\t<div class=\"e-con-inner\">\n\t\t\t\t<div class=\"elementor-element elementor-element-47ef309 elementor-widget elementor-widget-text-editor\" data-id=\"47ef309\" data-element_type=\"widget\" data-widget_type=\"text-editor.default\">\n\t\t\t\t<div class=\"elementor-widget-container\">\n\t\t\t\t\t\t\t\t\t<div data-emptytext-sectionparsys=\"section_component_hint\" data-emptytext=\"Drag components here\" data-emptytext-teaserparsys=\"section_component_marginal_column_parsys_hint\">\n<div>\n<div>\n<section>\n<div>\n<div>\n<article>\n<div>\n<div>\n<div>\n<h2>Imprint<\/h2>\n<p>The Fraunhofer Institute for Molecular Biology and Applied Ecology IME<\/p>\n<p><strong>Division Applied Ecology<\/strong><br>Auf dem Aberg 1<br>57392 Schmallenberg<br>Phone +49 2972 302-0<br>Germany<\/p>\n<p><a href=\"https:\/\/www.ime.fraunhofer.de\/en.html\" target=\"_self\">www.ime.fraunhofer.de\/en<\/a><\/p>\n<p>is a constituent entity of the Fraunhofer-Gesellschaft, and as such has no separate legal status.<\/p>\n<p>Fraunhofer-Gesellschaft&nbsp;<br>zur F\u00f6rderung der angewandten Forschung e.V.<br>Hansastra\u00dfe 27 c<br>80686 M\u00fcnchen<br>Internet:&nbsp;<a href=\"http:\/\/www.fraunhofer.de\/\" target=\"_blank\" rel=\"noopener\">www.fraunhofer.de<\/a><br>E-Mail: info(at)zv.fraunhofer.de<\/p>\n<p><\/p>\n<h4>Please send inquiries to the following addresses:<\/h4>\n<p>Fraunhofer Institute for Molecular Biology and Applied Ecology IME<br><span style=\"text-align: var(--text-align);\"><b>Division Applied Ecology<br><\/b><\/span><span style=\"text-align: var(--text-align);\">Auf dem Aberg 1<br><\/span>57392 Schmallenberg<br>Phone +49 2972 302-0<br>info-ae@ime.fraunhofer.de<\/p>\n<h4>Responsible editor:<\/h4>\n<p>Julia Karbon, Fraunhofer IME<\/p>\n<\/div>\n<\/div>\n<\/div>\n<\/article>\n<\/div>\n<\/div>\n<\/section>\n<\/div>\n<\/div>\n<\/div>\n<div data-emptytext-sectionparsys=\"section_component_hint\" data-emptytext=\"Drag components here\" data-emptytext-teaserparsys=\"section_component_marginal_column_parsys_hint\">\n<div>\n<div>________________________________________________<\/div>\n<div>&nbsp;<\/div>\n<h4><b>VAT identification number<\/b>&nbsp;<\/h4>\n<\/div>\n<div>\n<div>\n<section>\n<div>\n<div>\n<div>\n<div data-emptytext-sectionparsys=\"section_component_hint\" data-emptytext=\"Drag components here\" data-emptytext-teaserparsys=\"section_component_marginal_column_parsys_hint\">\n<div>\n<div>\n<section>\n<div>\n<div>\n<article>\n<div><span style=\"font-size: 16px;\">in accordance with section 27 a of the German VAT Act (Umsatzsteuergesetz, UStG: DE 129515865)<\/span><\/div><div><span style=\"text-align: var(--text-align);\"><br><\/span><\/div><div><span style=\"text-align: var(--text-align);\">&nbsp;<\/span><b style=\"color: inherit; text-align: var(--text-align); font-family: Calibri, sans-serif; font-size: 45px; text-transform: uppercase;\">Court of jurisdiction<\/b><\/div><div><div><div>\n<p>Amtsgericht&nbsp; M\u00fcnchen (district court)<br>Registered nonprofit association&nbsp;<br>Registration no. VR 4461&nbsp;&nbsp;<\/p>\n<h4><span style=\"color: inherit; font-family: Calibri, sans-serif; font-size: 45px; font-weight: bold; text-transform: uppercase; text-align: var(--text-align);\">Executive board<\/span><\/h4>\n<p><strong>Prof. Holger Hanselka<\/strong> | President<strong><br>Prof. Constantin H\u00e4fner<\/strong> | Member of the executive board<strong><br>Prof. Axel M\u00fcller-Groeling<\/strong> | Member of the executive board<br><strong>Elisabeth Ewen<\/strong> | Member of the executive board<strong><br>Dr. Sandra Krey<\/strong> | Member of the executive board<\/p>\n<p><\/p>\n<h2>Usage rights<\/h2>\n<p>\u00a9 Fraunhofer-Gesellschaft e. V., Munich<\/p>\n<p>All rights reserved.&nbsp;<\/p>\n<p>The copyright to this website is held by the Fraunhofer-Gesellschaft.<\/p>\n<p>Permission is granted to download or print material published on this site for personal use only. Its use for any other purpose, and in particular its commercial use or distribution, are strictly forbidden in the absence of prior written approval.<\/p>\n<p>Notwithstanding this requirement, material may be downloaded or printed for use in connection with press reports on the activities of the Fraunhofer-Gesellschaft and its constituent institutes, on condition that the following terms are complied with:<\/p>\n<p>No alterations may be made to pictorial content, with the exception of framing modifications to emphasize the central motif. The source must be quoted, and two free reference copies must be sent to the above-mentioned address. Such usage is free of charge.<\/p>\n<p><\/p>\n<h2>Disclaimer<\/h2>\n<p>We cannot assume any liability for the content of external pages. Solely the operators of those linked pages are responsible for their content.<\/p>\n<p>We make every reasonable effort to ensure that the content of this website is kept up to date and that it is accurate and complete. Nevertheless, the possibility of errors cannot be entirely ruled out. We do not give any warranty in respect of the timeliness, accuracy or completeness of material published on this website and disclaim all liability for (material or non-material) loss or damage incurred by third parties arising from the use of content obtained from the website.<\/p>\n<p>Registered trademarks and proprietary names, and copyrighted text and images, are not generally indicated as such on our webpages. But the absence of such indications in no way implies that these names, images or text belong to the public domain in the context of trademark or copyright law.<\/p>\n<\/div>\n<\/div>\n<\/div>\n<\/article>\n<\/div>\n<\/div>\n<\/section>\n<\/div>\n<\/div>\n<\/div>\n<\/div>\n<\/div>\n<\/div>\n<\/section>\n<\/div>\n<\/div>\n<\/div>\t\t\t\t\t\t\t\t<\/div>\n\t\t\t\t<\/div>\n\t\t\t\t\t<\/div>\n\t\t\t\t<\/div>\n\t\t\t\t<\/div>\n\t\t","protected":false},"excerpt":{"rendered":"<p>Imprint The Fraunhofer Institute for Molecular Biology and Applied Ecology IME Division Applied EcologyAuf dem Aberg 157392 SchmallenbergPhone +49 2972 302-0Germany www.ime.fraunhofer.de\/en is a constituent entity of the Fraunhofer-Gesellschaft, and as such has no separate legal status. Fraunhofer-Gesellschaft&nbsp;zur F\u00f6rderung der angewandten Forschung e.V.Hansastra\u00dfe 27 c80686 M\u00fcnchenInternet:&nbsp;www.fraunhofer.deE-Mail: info(at)zv.fraunhofer.de Please send inquiries to the following addresses: Fraunhofer [&hellip;]<\/p>\n","protected":false},"author":4,"featured_media":0,"parent":0,"menu_order":0,"comment_status":"closed","ping_status":"closed","template":"","meta":{"footnotes":""},"class_list":["post-676","page","type-page","status-publish","hentry"],"_links":{"self":[{"href":"https:\/\/www.bodenprobenahme.ime.fraunhofer.de\/index.php?rest_route=\/wp\/v2\/pages\/676","targetHints":{"allow":["GET"]}}],"collection":[{"href":"https:\/\/www.bodenprobenahme.ime.fraunhofer.de\/index.php?rest_route=\/wp\/v2\/pages"}],"about":[{"href":"https:\/\/www.bodenprobenahme.ime.fraunhofer.de\/index.php?rest_route=\/wp\/v2\/types\/page"}],"author":[{"embeddable":true,"href":"https:\/\/www.bodenprobenahme.ime.fraunhofer.de\/index.php?rest_route=\/wp\/v2\/users\/4"}],"replies":[{"embeddable":true,"href":"https:\/\/www.bodenprobenahme.ime.fraunhofer.de\/index.php?rest_route=%2Fwp%2Fv2%2Fcomments&post=676"}],"version-history":[{"count":19,"href":"https:\/\/www.bodenprobenahme.ime.fraunhofer.de\/index.php?rest_route=\/wp\/v2\/pages\/676\/revisions"}],"predecessor-version":[{"id":790,"href":"https:\/\/www.bodenprobenahme.ime.fraunhofer.de\/index.php?rest_route=\/wp\/v2\/pages\/676\/revisions\/790"}],"wp:attachment":[{"href":"https:\/\/www.bodenprobenahme.ime.fraunhofer.de\/index.php?rest_route=%2Fwp%2Fv2%2Fmedia&parent=676"}],"curies":[{"name":"wp","href":"https:\/\/api.w.org\/{rel}","templated":true}]}}